{"id":556,"date":"2024-10-05T09:29:18","date_gmt":"2024-10-05T09:29:18","guid":{"rendered":"https:\/\/zep2010.com\/?page_id=556"},"modified":"2024-10-05T09:46:50","modified_gmt":"2024-10-05T09:46:50","slug":"die-sporen","status":"publish","type":"page","link":"https:\/\/zep2010.com\/?page_id=556","title":{"rendered":"DIE SPOREN"},"content":{"rendered":"\n<p>Mit den ersten Pilzen kamen auch die ersten Sporen, und alles wuchs aus dem Myzel-Geflecht. Dieses Netzwerk hat sich stetig weiterentwickelt.<\/p>\n\n\n\n<p>Die Sporen schweben in der Luft und dienen unter anderm der Kommunikation. Sie erm\u00f6glichen viele verschiedene Kommunikationsformen, wie Tanz, Farben und diverse Sprachen zu \u00fcbersetzen.<\/p>\n\n\n\n<figure class=\"wp-block-image size-full\"><img loading=\"lazy\" decoding=\"async\" width=\"1024\" height=\"768\" src=\"https:\/\/zep2010.com\/wp-content\/uploads\/2024\/10\/BEITRAGSBILD_32_00001-2.png\" alt=\"\" class=\"wp-image-489\" srcset=\"https:\/\/zep2010.com\/wp-content\/uploads\/2024\/10\/BEITRAGSBILD_32_00001-2.png 1024w, https:\/\/zep2010.com\/wp-content\/uploads\/2024\/10\/BEITRAGSBILD_32_00001-2-300x225.png 300w, https:\/\/zep2010.com\/wp-content\/uploads\/2024\/10\/BEITRAGSBILD_32_00001-2-768x576.png 768w\" sizes=\"auto, (max-width: 1024px) 100vw, 1024px\" \/><\/figure>\n\n\n\n<p> Eine Spore kann sich an eine Synapse anheften und w\u00e4hrend des Gespr\u00e4chs als \u00dcbersetzer fungieren.<\/p>\n\n\n\n<figure class=\"wp-block-image size-full\"><img loading=\"lazy\" decoding=\"async\" width=\"1024\" height=\"768\" src=\"https:\/\/zep2010.com\/wp-content\/uploads\/2024\/10\/BEITRAGSBILD_36_00001.png\" alt=\"\" class=\"wp-image-490\" srcset=\"https:\/\/zep2010.com\/wp-content\/uploads\/2024\/10\/BEITRAGSBILD_36_00001.png 1024w, https:\/\/zep2010.com\/wp-content\/uploads\/2024\/10\/BEITRAGSBILD_36_00001-300x225.png 300w, https:\/\/zep2010.com\/wp-content\/uploads\/2024\/10\/BEITRAGSBILD_36_00001-768x576.png 768w\" sizes=\"auto, (max-width: 1024px) 100vw, 1024px\" \/><\/figure>\n\n\n\n<p>Diese Grafik zeigt vereinfacht, wie das im Gehirn funktioniert und welche Regionen die Spore aktiviert.<\/p>\n\n\n\n<figure class=\"wp-block-image size-full\"><img loading=\"lazy\" decoding=\"async\" width=\"1024\" height=\"768\" src=\"https:\/\/zep2010.com\/wp-content\/uploads\/2024\/10\/BEITRAGSBILD_32_00001-3.png\" alt=\"\" class=\"wp-image-488\" srcset=\"https:\/\/zep2010.com\/wp-content\/uploads\/2024\/10\/BEITRAGSBILD_32_00001-3.png 1024w, https:\/\/zep2010.com\/wp-content\/uploads\/2024\/10\/BEITRAGSBILD_32_00001-3-300x225.png 300w, https:\/\/zep2010.com\/wp-content\/uploads\/2024\/10\/BEITRAGSBILD_32_00001-3-768x576.png 768w\" sizes=\"auto, (max-width: 1024px) 100vw, 1024px\" \/><\/figure>\n\n\n\n<p>Wie das Netzwerk angezapft werden kann, um Gespr\u00e4che \u00fcber weite Entfernungen zu f\u00fchren \u2013 oder sogar, um mit Verstorbenen zu sprechen, folgt noch.<\/p>\n\n\n\n<div class=\"wp-block-buttons is-content-justification-center is-layout-flex wp-container-core-buttons-is-layout-16018d1d wp-block-buttons-is-layout-flex\">\n<div class=\"wp-block-button\"><a class=\"wp-block-button__link wp-element-button\" href=\"https:\/\/zep2010.com\/?page_id=330\"><strong>KULTUR &amp; KOMMUNIKATION<\/strong><\/a><\/div>\n<\/div>\n","protected":false},"excerpt":{"rendered":"<p>Mit den ersten Pilzen kamen auch die ersten Sporen, und alles wuchs aus dem Myzel-Geflecht. Dieses Netzwerk hat sich stetig weiterentwickelt. Die Sporen schweben in der Luft und dienen unter <a class=\"more-link\" href=\"https:\/\/zep2010.com\/?page_id=556\">Continue Reading &rarr;<\/a><\/p>\n","protected":false},"author":1,"featured_media":0,"parent":0,"menu_order":0,"comment_status":"closed","ping_status":"closed","template":"","meta":{"footnotes":""},"class_list":["post-556","page","type-page","status-publish","hentry"],"jetpack_sharing_enabled":true,"_links":{"self":[{"href":"https:\/\/zep2010.com\/index.php?rest_route=\/wp\/v2\/pages\/556","targetHints":{"allow":["GET"]}}],"collection":[{"href":"https:\/\/zep2010.com\/index.php?rest_route=\/wp\/v2\/pages"}],"about":[{"href":"https:\/\/zep2010.com\/index.php?rest_route=\/wp\/v2\/types\/page"}],"author":[{"embeddable":true,"href":"https:\/\/zep2010.com\/index.php?rest_route=\/wp\/v2\/users\/1"}],"replies":[{"embeddable":true,"href":"https:\/\/zep2010.com\/index.php?rest_route=%2Fwp%2Fv2%2Fcomments&post=556"}],"version-history":[{"count":3,"href":"https:\/\/zep2010.com\/index.php?rest_route=\/wp\/v2\/pages\/556\/revisions"}],"predecessor-version":[{"id":563,"href":"https:\/\/zep2010.com\/index.php?rest_route=\/wp\/v2\/pages\/556\/revisions\/563"}],"wp:attachment":[{"href":"https:\/\/zep2010.com\/index.php?rest_route=%2Fwp%2Fv2%2Fmedia&parent=556"}],"curies":[{"name":"wp","href":"https:\/\/api.w.org\/{rel}","templated":true}]}}